{"id":114,"date":"2015-02-15T10:54:30","date_gmt":"2015-02-15T10:54:30","guid":{"rendered":"http:\/\/www.antoniooliveiratavares.com\/?page_id=114"},"modified":"2017-12-19T19:05:18","modified_gmt":"2017-12-19T19:05:18","slug":"videos","status":"publish","type":"page","link":"https:\/\/www.antoniooliveiratavares.com\/?page_id=114","title":{"rendered":"<!--:pt-->V\u00eddeos<!--:--><!--:es-->Videos<!--:--><!--:en-->Videos<!--:-->"},"content":{"rendered":"<p><!--:pt--><strong>Entrevistas<\/strong><\/p>\n<p><a href=\"http:\/\/youtu.be\/a4yGoPuxhhM\">Entrevista Univeridade Aberta 2005 (Parte 1)<\/a><\/p>\n<p><a href=\"http:\/\/youtu.be\/U0cIDk6trQ8\">Entrevista Univeridade Aberta 2005 (Parte 2)<\/a><\/p>\n<p><a href=\"https:\/\/www.youtube.com\/watch?v=vBvc7vM99iw\">Entrevista Plasencia<\/a><\/p>\n<p><strong>Exposi\u00e7\u00f5es<\/strong><\/p>\n<p><iframe loading=\"lazy\" src=\"https:\/\/www.youtube.com\/embed\/bqJr7FYEuHY?list=PLaJjO7K3geHhV3ScUR7OBkmIgq1-xUcWB\" width=\"560\" height=\"315\" frameborder=\"0\" allowfullscreen=\"allowfullscreen\"><\/iframe> (2014)<\/p>\n<p><a href=\"https:\/\/www.youtube.com\/watch?v=q_J10U3WC0c\">Exposi\u00e7\u00e3o &#8220;Um Olhar<\/a>&#8221;\u00a0(2014) \u2013 Pal\u00e1cio dos Marqueses da Praia e Monforte- Estremoz<\/p>\n<p>https:\/\/vimeo.com\/108188493 <!--:--><!--:es--><strong>Entrevistas<\/strong><\/p>\n<p><a href=\"http:\/\/youtu.be\/a4yGoPuxhhM\">Entrevista Univeridade Aberta 2005 (Parte 1)<\/a><\/p>\n<p><a href=\"http:\/\/youtu.be\/U0cIDk6trQ8\">Entrevista Univeridade Aberta 2005 (Parte 2)<\/a><\/p>\n<p><a href=\"https:\/\/www.youtube.com\/watch?v=vBvc7vM99iw\">Entrevista Plasencia<\/a><\/p>\n<p><strong>Exposi\u00e7\u00f5es<\/strong><\/p>\n<p><iframe loading=\"lazy\" src=\"https:\/\/www.youtube.com\/embed\/bqJr7FYEuHY?list=PLaJjO7K3geHhV3ScUR7OBkmIgq1-xUcWB\" width=\"560\" height=\"315\" frameborder=\"0\" allowfullscreen=\"allowfullscreen\"><\/iframe> (2014)<\/p>\n<p><a href=\"https:\/\/www.youtube.com\/watch?v=q_J10U3WC0c\">Exposi\u00e7\u00e3o &#8220;Um Olhar<\/a>&#8221;\u00a0(2014) \u2013 Pal\u00e1cio dos Marqueses da Praia e Monforte- Estremoz<\/p>\n<p>https:\/\/vimeo.com\/108188493 <!--:--><!--:en--><strong>Entrevistas<\/strong><\/p>\n<p><a href=\"http:\/\/youtu.be\/a4yGoPuxhhM\">Entrevista Univeridade Aberta 2005 (Parte 1)<\/a><\/p>\n<p><a href=\"http:\/\/youtu.be\/U0cIDk6trQ8\">Entrevista Univeridade Aberta 2005 (Parte 2)<\/a><\/p>\n<p><a href=\"https:\/\/www.youtube.com\/watch?v=vBvc7vM99iw\">Entrevista Plasencia<\/a><\/p>\n<p><strong>Exposi\u00e7\u00f5es<\/strong><\/p>\n<p><iframe loading=\"lazy\" src=\"https:\/\/www.youtube.com\/embed\/bqJr7FYEuHY?list=PLaJjO7K3geHhV3ScUR7OBkmIgq1-xUcWB\" width=\"560\" height=\"315\" frameborder=\"0\" allowfullscreen=\"allowfullscreen\"><\/iframe> (2014)<\/p>\n<p><a href=\"https:\/\/www.youtube.com\/watch?v=q_J10U3WC0c\">Exposi\u00e7\u00e3o &#8220;Um Olhar<\/a>&#8221;\u00a0(2014) \u2013 Pal\u00e1cio dos Marqueses da Praia e Monforte- Estremoz<\/p>\n<p>https:\/\/vimeo.com\/108188493 <!--:--><\/p>\n","protected":false},"excerpt":{"rendered":"<p>Entrevistas Entrevista Univeridade Aberta 2005 (Parte 1) Entrevista Univeridade Aberta 2005 (Parte 2) Entrevista Plasencia Exposi\u00e7\u00f5es (2014) Exposi\u00e7\u00e3o &#8220;Um Olhar&#8221;\u00a0(2014) \u2013 Pal\u00e1cio dos Marqueses da Praia e Monforte- Estremoz https:\/\/vimeo.com\/108188493 Entrevistas Entrevista Univeridade Aberta 2005 (Parte 1) Entrevista Univeridade Aberta 2005 (Parte 2) Entrevista Plasencia Exposi\u00e7\u00f5es (2014) Exposi\u00e7\u00e3o &#8220;Um Olhar&#8221;\u00a0(2014) \u2013 Pal\u00e1cio dos Marqueses da [&hellip;]<\/p>\n","protected":false},"author":1,"featured_media":0,"parent":0,"menu_order":0,"comment_status":"closed","ping_status":"closed","template":"","meta":{"footnotes":""},"class_list":["post-114","page","type-page","status-publish","hentry"],"_links":{"self":[{"href":"https:\/\/www.antoniooliveiratavares.com\/index.php?rest_route=\/wp\/v2\/pages\/114","targetHints":{"allow":["GET"]}}],"collection":[{"href":"https:\/\/www.antoniooliveiratavares.com\/index.php?rest_route=\/wp\/v2\/pages"}],"about":[{"href":"https:\/\/www.antoniooliveiratavares.com\/index.php?rest_route=\/wp\/v2\/types\/page"}],"author":[{"embeddable":true,"href":"https:\/\/www.antoniooliveiratavares.com\/index.php?rest_route=\/wp\/v2\/users\/1"}],"replies":[{"embeddable":true,"href":"https:\/\/www.antoniooliveiratavares.com\/index.php?rest_route=%2Fwp%2Fv2%2Fcomments&post=114"}],"version-history":[{"count":8,"href":"https:\/\/www.antoniooliveiratavares.com\/index.php?rest_route=\/wp\/v2\/pages\/114\/revisions"}],"predecessor-version":[{"id":403,"href":"https:\/\/www.antoniooliveiratavares.com\/index.php?rest_route=\/wp\/v2\/pages\/114\/revisions\/403"}],"wp:attachment":[{"href":"https:\/\/www.antoniooliveiratavares.com\/index.php?rest_route=%2Fwp%2Fv2%2Fmedia&parent=114"}],"curies":[{"name":"wp","href":"https:\/\/api.w.org\/{rel}","templated":true}]}}