{"id":2,"date":"2015-02-13T15:22:06","date_gmt":"2015-02-13T15:22:06","guid":{"rendered":"http:\/\/www.antoniooliveiratavares.com\/?page_id=2"},"modified":"2018-09-26T17:35:24","modified_gmt":"2018-09-26T17:35:24","slug":"pagina-exemplo","status":"publish","type":"page","link":"https:\/\/www.antoniooliveiratavares.com\/?page_id=2","title":{"rendered":""},"content":{"rendered":"<p><!--:pt--><a href=\"http:\/\/www.antoniooliveiratavares.com\/wp-content\/uploads\/2015\/02\/Oliveira-Tavares-2015-obras.jpg\" rel=\"attachment wp-att-215\"><img loading=\"lazy\" decoding=\"async\" src=\"http:\/\/www.antoniooliveiratavares.com\/wp-content\/uploads\/2015\/02\/Oliveira-Tavares-2015-obras-300x225.jpg\" alt=\"Oliveira Tavares 2015\" width=\"400\" height=\"325\" class=\"alignnone size-medium wp-image-215\" \/><\/a><\/p>\n<p>Com seu atelier em plena natureza, sua pintura se desenvolve cada vez mais em direc\u00e7\u00e3o a uma abstrac\u00e7\u00e3o org\u00e2nica, cheia de luz, pr\u00f3xima da terra\u2026 <\/p>\n<p>OLIVEIRA TAVARES nasceu em Lisboa em 1961.<\/p>\n<p>Viveu at\u00e9 aos 10 anos no Brasil, tendo regressado em 1971 a Portugal onde residiu em Santar\u00e9m. De 2001 a 2005 viveu e trabalhou em Paris e Bruxelas. Reside desde 2008 no Alentejo, Portugal.<br \/>\nFrequentou o 4\u00ba ano do curso de Engenharia do Instituto Superior T\u00e9cnico de Lisboa, o Curso de Desenho no A.R.C.O. e o Curso de Hist\u00f3ria de Arte na Sociedade Nacional de Belas-Artes.<br \/>\nWorkshop de Gravura com Bartolomeu Cid dos Santos \u2013 Casa das Artes \u2013 Tavira.<br \/>\nMembro da Sociedade Nacional de Belas-Artes<br \/>\n-Obra citada no cat\u00e1logo (ISBN 4-906536-32-8)<br \/>\nda exposi\u00e7\u00e3o \u201cGeorge de La Tour\u201d, no Museu de Arte Ocidental, Tokyo, Japan.<br \/>\n-Citado no Livro Ingres.Regards Crois\u00e9s(ISBN:2856204643) , RMN Editions Meng\u00e8s France.<br \/>\nIlustrou o livro de Poesia \u201cA Gaveta de Baixo\u201d de Rosa Lobato de Faria.<br \/>\nRepresentado em colec\u00e7\u00f5es particulares nos Estados Unidos, Brasil, Inglaterra, Fran\u00e7a, Jap\u00e3o, Holanda e B\u00e9lgica. Representado na Funda\u00e7\u00e3o PLMJ, no Banco Santander Totta em Lisboa, Banco BIC em Lisboa, Transgas, entre outras institui\u00e7\u00f5es.<\/p>\n\n\t\t<style type=\"text\/css\">\n\t\t\t#gallery-1 {\n\t\t\t\tmargin: auto;\n\t\t\t}\n\t\t\t#gallery-1 .gallery-item {\n\t\t\t\tfloat: left;\n\t\t\t\tmargin-top: 10px;\n\t\t\t\ttext-align: center;\n\t\t\t\twidth: 33%;\n\t\t\t}\n\t\t\t#gallery-1 img {\n\t\t\t\tborder: 2px solid #cfcfcf;\n\t\t\t}\n\t\t\t#gallery-1 .gallery-caption {\n\t\t\t\tmargin-left: 0;\n\t\t\t}\n\t\t\t\/* see gallery_shortcode() in wp-includes\/media.php *\/\n\t\t<\/style>\n\t\t<div id='gallery-1' class='gallery galleryid-2 gallery-columns-3 gallery-size-thumbnail'><dl class='gallery-item'>\n\t\t\t<dt class='gallery-icon landscape'>\n\t\t\t\t<a href='https:\/\/www.antoniooliveiratavares.com\/?attachment_id=771#main'><img loading=\"lazy\" decoding=\"async\" width=\"150\" height=\"150\" src=\"https:\/\/www.antoniooliveiratavares.com\/wp-content\/uploads\/2018\/09\/P1010687-150x150.jpg\" class=\"attachment-thumbnail size-thumbnail\" alt=\"\" \/><\/a>\n\t\t\t<\/dt><\/dl><dl class='gallery-item'>\n\t\t\t<dt class='gallery-icon landscape'>\n\t\t\t\t<a href='https:\/\/www.antoniooliveiratavares.com\/?attachment_id=769#main'><img loading=\"lazy\" decoding=\"async\" width=\"150\" height=\"150\" src=\"https:\/\/www.antoniooliveiratavares.com\/wp-content\/uploads\/2018\/09\/DSC4858-150x150.jpg\" class=\"attachment-thumbnail size-thumbnail\" alt=\"\" \/><\/a>\n\t\t\t<\/dt><\/dl><dl class='gallery-item'>\n\t\t\t<dt class='gallery-icon landscape'>\n\t\t\t\t<a href='https:\/\/www.antoniooliveiratavares.com\/?attachment_id=770#main'><img loading=\"lazy\" decoding=\"async\" width=\"150\" height=\"150\" src=\"https:\/\/www.antoniooliveiratavares.com\/wp-content\/uploads\/2018\/09\/IMG_0257-150x150.jpg\" class=\"attachment-thumbnail size-thumbnail\" alt=\"\" \/><\/a>\n\t\t\t<\/dt><\/dl><br style=\"clear: both\" \/><dl class='gallery-item'>\n\t\t\t<dt class='gallery-icon landscape'>\n\t\t\t\t<a href='https:\/\/www.antoniooliveiratavares.com\/?attachment_id=768#main'><img loading=\"lazy\" decoding=\"async\" width=\"150\" height=\"150\" src=\"https:\/\/www.antoniooliveiratavares.com\/wp-content\/uploads\/2018\/09\/Obras-Evoramonte-2012-i-089i-150x150.jpg\" class=\"attachment-thumbnail size-thumbnail\" alt=\"\" \/><\/a>\n\t\t\t<\/dt><\/dl>\n\t\t\t<br style='clear: both' \/>\n\t\t<\/div>\n\n<p><!--:--><!--:es--><a href=\"http:\/\/www.antoniooliveiratavares.com\/wp-content\/uploads\/2015\/02\/Oliveira-Tavares-2015-obras.jpg\" rel=\"attachment wp-att-215\"><img loading=\"lazy\" decoding=\"async\" src=\"http:\/\/www.antoniooliveiratavares.com\/wp-content\/uploads\/2015\/02\/Oliveira-Tavares-2015-obras-300x225.jpg\" alt=\"Oliveira Tavares 2015\" width=\"400\" height=\"325\" class=\"alignnone size-medium wp-image-215\" \/><\/a><\/p>\n<p>Con su taller en plena naturaleza, su pintura se desarrolla a\u00fan m\u00e1s en la direcci\u00f3n de una abstracci\u00f3n org\u00e1nica, colmada de luz, pr\u00f3xima a la tierra.<\/p>\n<p>OLIVEIRA TAVARES naci\u00f3 en Lisboa en 1961. Ha vivido y trabajado en Bruselas y Par\u00eds. Actualmente reside en Borba, Portugal. <\/p>\n<p>Curs\u00f3 4\u00ba de Ingenier\u00eda en el Instituto Superior T\u00e9cnico de Lisboa, Dibujo en A.R.C.O. e Historia del Arte en la Sociedade Nacional de Belas-Artes.<br \/>\nWorkshop de Grabado con Bartolomeu Cid dos Santos \u2013 Casa das Artes \u2013 Tavira.<br \/>\nMiembro de la Sociedade Nacional de Belas-Artes.<br \/>\nObra citada en el cat\u00e1logo de la exposici\u00f3n \u201cGeorge de La Tour\u201d, del Museu de Arte Ocidental, en Tokio (ISBN 4-906536-32-8).<br \/>\nCitado en el libro \u201cIngres. Regards Crois\u00e9s\u201d, RMN Editions Meng\u00e8s, Francia (ISBN 2856204643).<br \/>\nA ilustrado el poemario \u201cA Gaveta de Baixo\u201d (\u201cEl caj\u00f3n de abajo\u201d) de la escritora Rosa Lobato de Faria.<br \/>\nSe encuentra representado en colecciones particulares de Estados Unidos, Brasil, Inglaterra, Francia, Jap\u00f3n, Holanda y B\u00e9lgica, as\u00ed como en la Fundaci\u00f3n PLMJ, en el Banco Santander-Totta en Lisboa, Banco BIC en Lisboa o Transgas, entre otras instituciones.<\/p>\n<p>\n\t\t<style type=\"text\/css\">\n\t\t\t#gallery-2 {\n\t\t\t\tmargin: auto;\n\t\t\t}\n\t\t\t#gallery-2 .gallery-item {\n\t\t\t\tfloat: left;\n\t\t\t\tmargin-top: 10px;\n\t\t\t\ttext-align: center;\n\t\t\t\twidth: 33%;\n\t\t\t}\n\t\t\t#gallery-2 img {\n\t\t\t\tborder: 2px solid #cfcfcf;\n\t\t\t}\n\t\t\t#gallery-2 .gallery-caption {\n\t\t\t\tmargin-left: 0;\n\t\t\t}\n\t\t\t\/* see gallery_shortcode() in wp-includes\/media.php *\/\n\t\t<\/style>\n\t\t<div id='gallery-2' class='gallery galleryid-2 gallery-columns-3 gallery-size-thumbnail'><dl class='gallery-item'>\n\t\t\t<dt class='gallery-icon landscape'>\n\t\t\t\t<a href='https:\/\/www.antoniooliveiratavares.com\/?attachment_id=771#main'><img loading=\"lazy\" decoding=\"async\" width=\"150\" height=\"150\" src=\"https:\/\/www.antoniooliveiratavares.com\/wp-content\/uploads\/2018\/09\/P1010687-150x150.jpg\" class=\"attachment-thumbnail size-thumbnail\" alt=\"\" \/><\/a>\n\t\t\t<\/dt><\/dl><dl class='gallery-item'>\n\t\t\t<dt class='gallery-icon landscape'>\n\t\t\t\t<a href='https:\/\/www.antoniooliveiratavares.com\/?attachment_id=769#main'><img loading=\"lazy\" decoding=\"async\" width=\"150\" height=\"150\" src=\"https:\/\/www.antoniooliveiratavares.com\/wp-content\/uploads\/2018\/09\/DSC4858-150x150.jpg\" class=\"attachment-thumbnail size-thumbnail\" alt=\"\" \/><\/a>\n\t\t\t<\/dt><\/dl><dl class='gallery-item'>\n\t\t\t<dt class='gallery-icon landscape'>\n\t\t\t\t<a href='https:\/\/www.antoniooliveiratavares.com\/?attachment_id=770#main'><img loading=\"lazy\" decoding=\"async\" width=\"150\" height=\"150\" src=\"https:\/\/www.antoniooliveiratavares.com\/wp-content\/uploads\/2018\/09\/IMG_0257-150x150.jpg\" class=\"attachment-thumbnail size-thumbnail\" alt=\"\" \/><\/a>\n\t\t\t<\/dt><\/dl><br style=\"clear: both\" \/><dl class='gallery-item'>\n\t\t\t<dt class='gallery-icon landscape'>\n\t\t\t\t<a href='https:\/\/www.antoniooliveiratavares.com\/?attachment_id=768#main'><img loading=\"lazy\" decoding=\"async\" width=\"150\" height=\"150\" src=\"https:\/\/www.antoniooliveiratavares.com\/wp-content\/uploads\/2018\/09\/Obras-Evoramonte-2012-i-089i-150x150.jpg\" class=\"attachment-thumbnail size-thumbnail\" alt=\"\" \/><\/a>\n\t\t\t<\/dt><\/dl>\n\t\t\t<br style='clear: both' \/>\n\t\t<\/div>\n <!--:--><!--:en-->\n\t\t<style type=\"text\/css\">\n\t\t\t#gallery-3 {\n\t\t\t\tmargin: auto;\n\t\t\t}\n\t\t\t#gallery-3 .gallery-item {\n\t\t\t\tfloat: left;\n\t\t\t\tmargin-top: 10px;\n\t\t\t\ttext-align: center;\n\t\t\t\twidth: 33%;\n\t\t\t}\n\t\t\t#gallery-3 img {\n\t\t\t\tborder: 2px solid #cfcfcf;\n\t\t\t}\n\t\t\t#gallery-3 .gallery-caption {\n\t\t\t\tmargin-left: 0;\n\t\t\t}\n\t\t\t\/* see gallery_shortcode() in wp-includes\/media.php *\/\n\t\t<\/style>\n\t\t<div id='gallery-3' class='gallery galleryid-2 gallery-columns-3 gallery-size-thumbnail'><dl class='gallery-item'>\n\t\t\t<dt class='gallery-icon landscape'>\n\t\t\t\t<a href='https:\/\/www.antoniooliveiratavares.com\/?attachment_id=771#main'><img loading=\"lazy\" decoding=\"async\" width=\"150\" height=\"150\" src=\"https:\/\/www.antoniooliveiratavares.com\/wp-content\/uploads\/2018\/09\/P1010687-150x150.jpg\" class=\"attachment-thumbnail size-thumbnail\" alt=\"\" \/><\/a>\n\t\t\t<\/dt><\/dl><dl class='gallery-item'>\n\t\t\t<dt class='gallery-icon landscape'>\n\t\t\t\t<a href='https:\/\/www.antoniooliveiratavares.com\/?attachment_id=769#main'><img loading=\"lazy\" decoding=\"async\" width=\"150\" height=\"150\" src=\"https:\/\/www.antoniooliveiratavares.com\/wp-content\/uploads\/2018\/09\/DSC4858-150x150.jpg\" class=\"attachment-thumbnail size-thumbnail\" alt=\"\" \/><\/a>\n\t\t\t<\/dt><\/dl><dl class='gallery-item'>\n\t\t\t<dt class='gallery-icon landscape'>\n\t\t\t\t<a href='https:\/\/www.antoniooliveiratavares.com\/?attachment_id=770#main'><img loading=\"lazy\" decoding=\"async\" width=\"150\" height=\"150\" src=\"https:\/\/www.antoniooliveiratavares.com\/wp-content\/uploads\/2018\/09\/IMG_0257-150x150.jpg\" class=\"attachment-thumbnail size-thumbnail\" alt=\"\" \/><\/a>\n\t\t\t<\/dt><\/dl><br style=\"clear: both\" \/><dl class='gallery-item'>\n\t\t\t<dt class='gallery-icon landscape'>\n\t\t\t\t<a href='https:\/\/www.antoniooliveiratavares.com\/?attachment_id=768#main'><img loading=\"lazy\" decoding=\"async\" width=\"150\" height=\"150\" src=\"https:\/\/www.antoniooliveiratavares.com\/wp-content\/uploads\/2018\/09\/Obras-Evoramonte-2012-i-089i-150x150.jpg\" class=\"attachment-thumbnail size-thumbnail\" alt=\"\" \/><\/a>\n\t\t\t<\/dt><\/dl>\n\t\t\t<br style='clear: both' \/>\n\t\t<\/div>\n<\/p>\n<p><!--:--><\/p>\n","protected":false},"excerpt":{"rendered":"<p>Com seu atelier em plena natureza, sua pintura se desenvolve cada vez mais em direc\u00e7\u00e3o a uma abstrac\u00e7\u00e3o org\u00e2nica, cheia de luz, pr\u00f3xima da terra\u2026 OLIVEIRA TAVARES nasceu em Lisboa em 1961. Viveu at\u00e9 aos 10 anos no Brasil, tendo regressado em 1971 a Portugal onde residiu em Santar\u00e9m. De 2001 a 2005 viveu e [&hellip;]<\/p>\n","protected":false},"author":1,"featured_media":337,"parent":0,"menu_order":0,"comment_status":"closed","ping_status":"open","template":"","meta":{"footnotes":""},"class_list":["post-2","page","type-page","status-publish","hentry"],"_links":{"self":[{"href":"https:\/\/www.antoniooliveiratavares.com\/index.php?rest_route=\/wp\/v2\/pages\/2","targetHints":{"allow":["GET"]}}],"collection":[{"href":"https:\/\/www.antoniooliveiratavares.com\/index.php?rest_route=\/wp\/v2\/pages"}],"about":[{"href":"https:\/\/www.antoniooliveiratavares.com\/index.php?rest_route=\/wp\/v2\/types\/page"}],"author":[{"embeddable":true,"href":"https:\/\/www.antoniooliveiratavares.com\/index.php?rest_route=\/wp\/v2\/users\/1"}],"replies":[{"embeddable":true,"href":"https:\/\/www.antoniooliveiratavares.com\/index.php?rest_route=%2Fwp%2Fv2%2Fcomments&post=2"}],"version-history":[{"count":10,"href":"https:\/\/www.antoniooliveiratavares.com\/index.php?rest_route=\/wp\/v2\/pages\/2\/revisions"}],"predecessor-version":[{"id":778,"href":"https:\/\/www.antoniooliveiratavares.com\/index.php?rest_route=\/wp\/v2\/pages\/2\/revisions\/778"}],"wp:featuredmedia":[{"embeddable":true,"href":"https:\/\/www.antoniooliveiratavares.com\/index.php?rest_route=\/wp\/v2\/media\/337"}],"wp:attachment":[{"href":"https:\/\/www.antoniooliveiratavares.com\/index.php?rest_route=%2Fwp%2Fv2%2Fmedia&parent=2"}],"curies":[{"name":"wp","href":"https:\/\/api.w.org\/{rel}","templated":true}]}}