{"id":20,"date":"2015-02-13T15:42:29","date_gmt":"2015-02-13T15:42:29","guid":{"rendered":"http:\/\/www.antoniooliveiratavares.com\/?page_id=20"},"modified":"2019-01-12T21:06:36","modified_gmt":"2019-01-12T21:06:36","slug":"exposicoes","status":"publish","type":"page","link":"https:\/\/www.antoniooliveiratavares.com\/?page_id=20","title":{"rendered":"<!--:pt-->Exposi\u00e7\u00f5es <!--:--><!--:es-->Expociciones<!--:--><!--:en-->Expositions<!--:-->"},"content":{"rendered":"<p><!--:pt--><strong>Participa\u00e7\u00f5es em concursos:<\/strong><br \/>\n1999 \u2013 Exp. De Artistas Seleccionados para a Bolsa Arpad Szenes \u2013 Funda\u00e7\u00e3o Arpad Szenes \/ Vieira da Silva \u2013 Lisboa<br \/>\n1996 \u2013 IV Pr\u00e9mio \u2013 Fidelidade Seguradora \u2013 Artista Seleccionado \u2013 Lisboa<br \/>\n1995 \u2013 II Pr\u00e9mio \u201cAlmada Negreiros\u201d \u2013 Mapfre Vida, Artista Seleccionado \u2013 Porto<br \/>\n\u2013 VIII Bienal Internacional de Vila Nova de Cerveira<br \/>\n\u2013 III Pr\u00e9mio \u201cAlmada Negreiros\u201d \u2013 Mapfre Vida, Artista Seleccionado \u2013 Porto<br \/>\n1994 \u2013 Exp. \u201cArtiste du G\u00e9nie de la Bastille\u201d Atelier de Mich\u00e8le Carr-Brown \u2013 Paris \u2013 Fran\u00e7a<br \/>\n\u2013 1\u00aa Bienal de Arte AIP, Artista Seleccionado, Lisboa<br \/>\n1993 \u2013 Sal\u00e3o de Outono do C.R.C.S. \u2013 1\u00ba Pr\u00e9mio de Pintura \u2013 Santar\u00e9m<br \/>\n1990 \u2013 Sal\u00e3o de Primavera \u2013 Casino do Estoril \u2013 Estoril<br \/>\n1987 \u2013 1\u00aa Mostra de Artes e Ideias \u2013 F\u00f3rum Picoas &#8211; Lisboa<\/p>\n<p><strong>Principais exposi\u00e7\u00f5es individuais<\/strong><br \/>\n2018 \u2013 Galeria CNAP &#8211; Lisboa<br \/>\n2016 \u2013 Galeria Artur Bual, Amadora<br \/>\n2015 \u2013 Galeria S\u00e3o Francisco, Lisboa<br \/>\n2014 \u2013 Sala Hebraica do Convento de Las Claras- Plasencia &#8211; Espanha<br \/>\n         \u2013 Museu \u201cGonz\u00e1lez Santana\u201d de Olivenza \u2013 Espanha<br \/>\n         \u2013 Pal\u00e1cio dos Marqueses da Praia e Monforte- Estremoz<br \/>\n2013 \u2013 Galeria CNAP, Lisboa<br \/>\n2012 \u2013 Igreja da Miseric\u00f3rdia, Castro Marim<br \/>\n2011 \u2013 Museu Municipal de Estremoz &#8211; Galeria D. Dinis<br \/>\n         \u2013 Casa de Burgos-\u00c9vora<br \/>\n2008 \u2013 Galeria Galveias \u2013 Lisboa<br \/>\n2008 \u2013 \u201c20 Anos\u201d, Igreja de S. Vicente, \u00c9vora<br \/>\n2007 \u2013 Funda\u00e7\u00e3o Terra M\u00e3e &#8211; \u00c9vora<br \/>\n2007 \u2013 Centro Cultural L`Escale, Levallois &#8211; Paris<br \/>\n2006 \u2013 Galeria Iosephus &#8211; Lisboa<br \/>\n2004 \u2013 Galeria Lewis Guy \u2013 Den Haag \u2013 Holanda<br \/>\n         \u2013 Galeria S. Francisco \u2013 Lisboa<br \/>\n         \u2013 Pal\u00e1cio da Cultura de Puteaux \u2013 Fran\u00e7a<br \/>\n2003 \u2013 L\u2019Escale \u2013 Levallois \u2013 Fran\u00e7a<br \/>\n         \u2013 Parlamento Europeu \u2013 Bruxelas \u2013 B\u00e9lgica<br \/>\n2002 \u2013 Imp\u00e9rio Seguradora \u2013 Paris \u2013 Fran\u00e7a<br \/>\n         \u2013 Galeria Lewis Guy \u2013 Den Haag \u2013 Holanda<br \/>\n2002 \u2013 Imp\u00e9rio Seguradora \u2013 Paris \u2013 Fran\u00e7a<br \/>\n         \u2013 Galeria Lewis Guy \u2013 Den Haag \u2013 Holanda<br \/>\n2000 \u2013 Galeria Degrau Arte &#8211; Porto<br \/>\n1999 \u2013 Caixa Geral de Dep\u00f3sitos \u2013 Paris \u2013 Fran\u00e7a<br \/>\n         \u2013 Galeria Y Grego &#8211; Lisboa<br \/>\n1998 \u2013 Galeria \u00c9tienne de Causans, Paris<br \/>\n1997 \u2013 Castelo de Hirschhom, Heidelberg, Alemanha<br \/>\n         \u2013 Galeria Y Grego &#8211; Lisboa<br \/>\n1995 \u2013 Galeria Belo-Belo &#8211; Braga<br \/>\n         \u2013 Galeria Y Grego &#8211; Lisboa<br \/>\n1992 \u2013 Galeria Correio Mor &#8211; Sintra<br \/>\n1988 \u2013 Forum do C. Cultural Regional, Santar\u00e9m<\/p>\n<p><strong>Principais exposi\u00e7\u00f5es colectivas<\/strong><br \/>\n2013 \u2013 Artistas de C\u00e1, Galeria do Casino Estoril<br \/>\n         \u2013 VIVE-ARTE 2013, Villafranca de los Barros, Extremadura &#8211; Espanha<br \/>\n2011 \u2013 Artistas de C\u00e1, Galeria do Casino Estoril<br \/>\n2006 \u2013 Galeria Almada Negreiros,<br \/>\n         \u2013 Consulado-Geral de Portugal em Toronto, Canada.<br \/>\n         \u2013 Galeria de Arte Contempor\u00e2nea LM, Sintra<br \/>\n         \u2013 FAC &#8212; Feira de Arte Contempor\u00e2nea de Lisboa<br \/>\n2005 \u2013 Galeria Lewis Guy \u2013 Den Haag &#8211; Holanda<br \/>\n         \u2013 Casa do Brasil \u2013 Bruxelas<br \/>\n2003 \u2013 Galeria Lewis Guy \u2013 Den Haag \u2013 Holanda<br \/>\n         \u2013 Galeria S. Francisco \u2013 Lisboa<br \/>\n2000 \u2013 \u201c500 Anos Depois\u201d Pintura Brasil \u2013 S. Salvador da Bahia \u2013 Brasil<br \/>\n         \u2013 FAC \u2013 Feira d\u2019Arte Contempor\u00e2nea &#8211; Lisboa<br \/>\n1997 \u2013 FAC \u2013 Feira d\u2019Arte Contempor\u00e2nea \u2013 Lisboa<br \/>\n1995 \u2013 FAC \u2013 Feira d\u2019Arte Contempor\u00e2nea \u2013 Lisboa<br \/>\n1994 \u2013 Galeria Quatro \u2013 Leiria<br \/>\n         \u2013 Exp. Comemorativa do \u201cTratado de Zamora\u201d<br \/>\n            Zamora \u2013 Espanha<br \/>\n         \u2013 Galeria Y Grego \u2013 Lisboa<br \/>\n         \u2013 Galeria Elys\u00e9e Matignon \u2013 Paris \u2013 Fran\u00e7a<br \/>\n1993 \u2013 Sociedade Nacional de Belas-Artes \u2013 Lisboa<br \/>\n1988 \u2013 Galeria Codilivro \u2013 Lisboa<br \/>\n         \u2013 Galeria Tempo \u2013 Lisboa<br \/>\n1987 \u2013 Galeria Restaura\u00e7\u00e3o &#8211; Lisboa<br \/>\n1985 \u2013 Instituto Superior T\u00e9cnico \u2013 Lisboa<br \/>\n1982 \u2013 Galeria Camilo \u2013 E\u00e7a \u2013 Lisboa<!--:--><!--:es-->Participaciones en concursos<br \/>\n1987 \u2013 1\u00aa Mostra de Artes e Ideias \u2013 F\u00f3rum Picoas, Lisboa, Portugal<br \/>\n1990 \u2013 Sal\u00e3o de Primavera \u2013 Casino do Estoril, Estoril, Portugal<br \/>\n1993 \u2013 Sal\u00e3o de Outono do C.R.C.S. \u2013 1\u00ba Premio de Pintura, Santar\u00e9m, Portugal<br \/>\n1994 \u2013 Exp. \u201cArtiste du G\u00e9nie de la Bastille\u201d Atelier de Mich\u00e8le Carr-Brown, Par\u00eds, Francia<br \/>\n\u2013 1\u00aa Bienal de Arte AIP, Artista Seleccionado, Lisboa, Portugal<br \/>\n1995 \u2013 II Premio \u201cAlmada Negreiros\u201d \u2013 Mapfre Vida, Artista Seleccionado, Oporto, Portugal<br \/>\n\u2013 VIII Bienal Internacional de Vila Nova de Cerveira, Portugal<br \/>\n\u2013 III Premio \u201cAlmada Negreiros\u201d \u2013 Mapfre Vida, Artista Seleccionado, Oporto, Portugal<br \/>\n1996 \u2013 IV Premio \u2013 Fidelidade Seguradora \u2013 Artista Seleccionado \u2013 Lisboa, Portugal<br \/>\n1999 \u2013 Exposici\u00f3n de artistas seleccionados para la Beca Arpad Szenes \u2013 Funda\u00e7\u00e3o Arpad Szenes \/ Vieira da Silva, Lisboa, Portugal<!--:--><\/p>\n","protected":false},"excerpt":{"rendered":"<p>Participa\u00e7\u00f5es em concursos: 1999 \u2013 Exp. De Artistas Seleccionados para a Bolsa Arpad Szenes \u2013 Funda\u00e7\u00e3o Arpad Szenes \/ Vieira da Silva \u2013 Lisboa 1996 \u2013 IV Pr\u00e9mio \u2013 Fidelidade Seguradora \u2013 Artista Seleccionado \u2013 Lisboa 1995 \u2013 II Pr\u00e9mio \u201cAlmada Negreiros\u201d \u2013 Mapfre Vida, Artista Seleccionado \u2013 Porto \u2013 VIII Bienal Internacional de Vila [&hellip;]<\/p>\n","protected":false},"author":1,"featured_media":0,"parent":0,"menu_order":0,"comment_status":"closed","ping_status":"closed","template":"","meta":{"footnotes":""},"class_list":["post-20","page","type-page","status-publish","hentry"],"_links":{"self":[{"href":"https:\/\/www.antoniooliveiratavares.com\/index.php?rest_route=\/wp\/v2\/pages\/20","targetHints":{"allow":["GET"]}}],"collection":[{"href":"https:\/\/www.antoniooliveiratavares.com\/index.php?rest_route=\/wp\/v2\/pages"}],"about":[{"href":"https:\/\/www.antoniooliveiratavares.com\/index.php?rest_route=\/wp\/v2\/types\/page"}],"author":[{"embeddable":true,"href":"https:\/\/www.antoniooliveiratavares.com\/index.php?rest_route=\/wp\/v2\/users\/1"}],"replies":[{"embeddable":true,"href":"https:\/\/www.antoniooliveiratavares.com\/index.php?rest_route=%2Fwp%2Fv2%2Fcomments&post=20"}],"version-history":[{"count":10,"href":"https:\/\/www.antoniooliveiratavares.com\/index.php?rest_route=\/wp\/v2\/pages\/20\/revisions"}],"predecessor-version":[{"id":827,"href":"https:\/\/www.antoniooliveiratavares.com\/index.php?rest_route=\/wp\/v2\/pages\/20\/revisions\/827"}],"wp:attachment":[{"href":"https:\/\/www.antoniooliveiratavares.com\/index.php?rest_route=%2Fwp%2Fv2%2Fmedia&parent=20"}],"curies":[{"name":"wp","href":"https:\/\/api.w.org\/{rel}","templated":true}]}}