{"id":620,"date":"2018-09-17T12:47:03","date_gmt":"2018-09-17T12:47:03","guid":{"rendered":"http:\/\/www.antoniooliveiratavares.com\/?page_id=620"},"modified":"2018-09-17T13:59:44","modified_gmt":"2018-09-17T13:59:44","slug":"catalogs","status":"publish","type":"page","link":"https:\/\/www.antoniooliveiratavares.com\/?page_id=620","title":{"rendered":"<!--:pt-->Cat\u00e1logos<!--:--><!--:es-->Cat\u00e1logos<!--:--><!--:en-->Catalogs<!--:-->"},"content":{"rendered":"<p><!--:pt--><a href=\"http:\/\/www.antoniooliveiratavares.com\/?attachment_id=522\" rel=\"attachment wp-att-522\">Cat\u00e1logo CNAP 2018<\/a><\/p>\n<p><a href=\"http:\/\/www.antoniooliveiratavares.com\/?attachment_id=634\" rel=\"attachment wp-att-634\">Galeria Artur Bual 2016 oliveira tavares<\/a><\/p>\n<p><a href=\"http:\/\/www.antoniooliveiratavares.com\/?attachment_id=526\" rel=\"attachment wp-att-526\">cat\u00e1logo de Castro Marim 2012<\/a><\/p>\n<p><a href=\"http:\/\/www.antoniooliveiratavares.com\/?attachment_id=635\" rel=\"attachment wp-att-635\">OliveiraTavares Galeria Iosephus 2006<\/a><\/p>\n<p><!--:--><!--:es--><a href=\"http:\/\/www.antoniooliveiratavares.com\/?attachment_id=522\" rel=\"attachment wp-att-522\">Cat\u00e1logo CNAP 2018<\/a><\/p>\n<p><a href=\"http:\/\/www.antoniooliveiratavares.com\/?attachment_id=634\" rel=\"attachment wp-att-634\">Galeria Artur Bual 2016 oliveira tavares<\/a><\/p>\n<p><a href=\"http:\/\/www.antoniooliveiratavares.com\/?attachment_id=526\" rel=\"attachment wp-att-526\">cat\u00e1logo de Castro Marim 2012<\/a><\/p>\n<p><a href=\"http:\/\/www.antoniooliveiratavares.com\/?attachment_id=635\" rel=\"attachment wp-att-635\">OliveiraTavares Galeria Iosephus 2006<\/a><br \/>\n<!--:--><!--:en--><a href=\"http:\/\/www.antoniooliveiratavares.com\/?attachment_id=522\" rel=\"attachment wp-att-522\">Cat\u00e1logo CNAP 2018<\/a><\/p>\n<p><a href=\"http:\/\/www.antoniooliveiratavares.com\/?attachment_id=634\" rel=\"attachment wp-att-634\">Galeria Artur Bual 2016 oliveira tavares<\/a><\/p>\n<p><a href=\"http:\/\/www.antoniooliveiratavares.com\/?attachment_id=526\" rel=\"attachment wp-att-526\">cat\u00e1logo de Castro Marim 2012<\/a><\/p>\n<p><a href=\"http:\/\/www.antoniooliveiratavares.com\/?attachment_id=635\" rel=\"attachment wp-att-635\">OliveiraTavares Galeria Iosephus 2006<\/a><br \/>\n<!--:--><\/p>\n","protected":false},"excerpt":{"rendered":"<p>Cat\u00e1logo CNAP 2018 Galeria Artur Bual 2016 oliveira tavares cat\u00e1logo de Castro Marim 2012 OliveiraTavares Galeria Iosephus 2006 Cat\u00e1logo CNAP 2018 Galeria Artur Bual 2016 oliveira tavares cat\u00e1logo de Castro Marim 2012 OliveiraTavares Galeria Iosephus 2006 Cat\u00e1logo CNAP 2018 Galeria Artur Bual 2016 oliveira tavares cat\u00e1logo de Castro Marim 2012 OliveiraTavares Galeria Iosephus 2006<\/p>\n","protected":false},"author":1,"featured_media":0,"parent":0,"menu_order":0,"comment_status":"closed","ping_status":"closed","template":"","meta":{"footnotes":""},"class_list":["post-620","page","type-page","status-publish","hentry"],"_links":{"self":[{"href":"https:\/\/www.antoniooliveiratavares.com\/index.php?rest_route=\/wp\/v2\/pages\/620","targetHints":{"allow":["GET"]}}],"collection":[{"href":"https:\/\/www.antoniooliveiratavares.com\/index.php?rest_route=\/wp\/v2\/pages"}],"about":[{"href":"https:\/\/www.antoniooliveiratavares.com\/index.php?rest_route=\/wp\/v2\/types\/page"}],"author":[{"embeddable":true,"href":"https:\/\/www.antoniooliveiratavares.com\/index.php?rest_route=\/wp\/v2\/users\/1"}],"replies":[{"embeddable":true,"href":"https:\/\/www.antoniooliveiratavares.com\/index.php?rest_route=%2Fwp%2Fv2%2Fcomments&post=620"}],"version-history":[{"count":10,"href":"https:\/\/www.antoniooliveiratavares.com\/index.php?rest_route=\/wp\/v2\/pages\/620\/revisions"}],"predecessor-version":[{"id":647,"href":"https:\/\/www.antoniooliveiratavares.com\/index.php?rest_route=\/wp\/v2\/pages\/620\/revisions\/647"}],"wp:attachment":[{"href":"https:\/\/www.antoniooliveiratavares.com\/index.php?rest_route=%2Fwp%2Fv2%2Fmedia&parent=620"}],"curies":[{"name":"wp","href":"https:\/\/api.w.org\/{rel}","templated":true}]}}