{"id":72,"date":"2015-02-14T20:05:29","date_gmt":"2015-02-14T20:05:29","guid":{"rendered":"http:\/\/www.antoniooliveiratavares.com\/?page_id=72"},"modified":"2018-10-05T17:49:44","modified_gmt":"2018-10-05T17:49:44","slug":"ligacoes","status":"publish","type":"page","link":"https:\/\/www.antoniooliveiratavares.com\/?page_id=72","title":{"rendered":"<!--:pt-->Liga\u00e7\u00f5es<!--:--><!--:es-->Enlaces<!--:--><!--:en-->Links<!--:-->"},"content":{"rendered":"<p><!--:pt--><br \/>\n<a href=\"https:\/\/www.facebook.com\/oliveiratavares1961\"><br \/>\nOliveira Tavares no facebook<\/a><\/p>\n<p><a href=\"http:\/\/museodeolivenza.com\/el-pintor-portugues-antonio-oliveira-tavares-expone-los-pequenos-principes\/\">Museo Etnogr\u00e1fico Extreme\u00f1o Gonzalez Santana- Oliven\u00e7a<\/a> <\/p>\n<p><a href=\"https:\/\/pt.wikipedia.org\/wiki\/Oliveira_Tavares\">Oliveira Tavares on Wikipedia<\/a><\/p>\n<p><a href=\"https:\/\/cnap.pt\/project\/oliveira-tavares\/\">Clube Nacional Artes Plasticas<\/a><\/p>\n<p><a href=\"http:\/\/artodyssey1.blogspot.com\/2012\/05\/oliveira-tavares.html\">Artodyssey &#8211; Blog<\/a><\/p>\n<p><a href=\"http:\/\/bibliocolors.blogspot.com\/2014\/05\/versions-illustrades-doliveira-tavares.html\">S\u00e0lvia &#8211; Blog<\/a><\/p>\n<p><a href=\"http:\/\/poramoralarte-exposito.blogspot.com\/2016\/01\/antonio-oliveira-tavares.html\">Por Amor Al Art -Blog<\/a><\/p>\n<p><a href=\"http:\/\/zivabdavid.blogspot.com\/2012\/08\/a-arte-que-fala-oliveira-tavares_21.html\">Ziva David &#8211; Blog Ziva David<\/a><\/p>\n<p><a href=\"http:\/\/br.rfi.fr\/cultura\/20151201-pintor-oliveira-tavares-revela-imaginario-com-telas-super-coloridas\">RFI- R\u00e1dio<\/a><\/p>\n<p><a href=\"https:\/\/www.saatchiart.com\/account\/profile\/543662\">website galley Saatchi<\/a><\/p>\n<p><a href=\"https:\/\/www.ccdr-a.gov.pt\/index.php\/43-uncategorised\/414-a-euroace-na-exposicao-de-pintura-os-pequenos-principes-de-oliveira-tavares\">EUROACE &#8211; CCDR Alentejo <\/a><\/p>\n<p><a href=\"http:\/\/museodeolivenza.com\/el-pintor-portugues-antonio-oliveira-tavares-expone-los-pequenos-principes\/\">Museo de Olivenza<\/a><\/p>\n<p><a href=\"https:\/\/arquivos.rtp.pt\/conteudos\/exposicao-de-pintura-de-oliveira-tavares\/\">Coimbra, Galeria de Arte V\u00e1ria 1996<\/a><\/p>\n<p><a href=\"http:\/\/www.antoniooliveiratavares.com\/?page_id=507\"><\/a><\/p>\n<p><a href=\"http:\/\/www.antoniooliveiratavares.com\/?page_id=493\" rel=\"noopener\" target=\"_blank\"><\/a><\/p>\n<p><!--:--><!--:es--><a href=\"https:\/\/www.facebook.com\/oliveiratavares1961\"><br \/>\nOliveira Tavares no facebook<\/a><\/p>\n<p><a href=\"http:\/\/museodeolivenza.com\/el-pintor-portugues-antonio-oliveira-tavares-expone-los-pequenos-principes\/\">Museo Etnogr\u00e1fico Extreme\u00f1o Gonzalez Santana- Oliven\u00e7a<\/a> <\/p>\n<p><a href=\"https:\/\/pt.wikipedia.org\/wiki\/Oliveira_Tavares\">Oliveira Tavares on Wikipedia<\/a><\/p>\n<p><a href=\"https:\/\/cnap.pt\/project\/oliveira-tavares\/\">Clube Nacional Artes Plasticas<\/a><\/p>\n<p><a href=\"http:\/\/artodyssey1.blogspot.com\/2012\/05\/oliveira-tavares.html\">Artodyssey &#8211; Blog<\/a><\/p>\n<p><a href=\"http:\/\/bibliocolors.blogspot.com\/2014\/05\/versions-illustrades-doliveira-tavares.html\">S\u00e0lvia &#8211; Blog<\/a><\/p>\n<p><a href=\"http:\/\/poramoralarte-exposito.blogspot.com\/2016\/01\/antonio-oliveira-tavares.html\">Por Amor Al Art -Blog<\/a><\/p>\n<p><a href=\"http:\/\/zivabdavid.blogspot.com\/2012\/08\/a-arte-que-fala-oliveira-tavares_21.html\">Ziva David &#8211; Blog Ziva David<\/a><\/p>\n<p><a href=\"http:\/\/br.rfi.fr\/cultura\/20151201-pintor-oliveira-tavares-revela-imaginario-com-telas-super-coloridas\">RFI- R\u00e1dio<\/a><\/p>\n<p><a href=\"https:\/\/www.saatchiart.com\/account\/profile\/543662\">website galley Saatchi<\/a><\/p>\n<p><a href=\"https:\/\/www.ccdr-a.gov.pt\/index.php\/43-uncategorised\/414-a-euroace-na-exposicao-de-pintura-os-pequenos-principes-de-oliveira-tavares\">EUROACE &#8211; CCDR Alentejo <\/a><\/p>\n<p><a href=\"http:\/\/museodeolivenza.com\/el-pintor-portugues-antonio-oliveira-tavares-expone-los-pequenos-principes\/\">Museo de Olivenza<\/a><\/p>\n<p><a href=\"https:\/\/arquivos.rtp.pt\/conteudos\/exposicao-de-pintura-de-oliveira-tavares\/\">Coimbra, Galeria de Arte V\u00e1ria 1996<\/a><\/p>\n<p><a href=\"http:\/\/www.antoniooliveiratavares.com\/?page_id=507\"><\/a><\/p>\n<p><a href=\"http:\/\/www.antoniooliveiratavares.com\/?page_id=493\" rel=\"noopener\" target=\"_blank\"><\/a><br \/>\n<!--:--><!--:en--><br \/>\n<a href=\"https:\/\/www.facebook.com\/oliveiratavares1961\"><br \/>\nOliveira Tavares in facebook<\/a><\/p>\n<p><a href=\"http:\/\/museodeolivenza.com\/el-pintor-portugues-antonio-oliveira-tavares-expone-los-pequenos-principes\/\">Museo Etnogr\u00e1fico Extreme\u00f1o Gonzalez Santana- Oliven\u00e7a<\/a> <\/p>\n<p><a href=\"https:\/\/pt.wikipedia.org\/wiki\/Oliveira_Tavares\">Oliveira Tavares on Wikipedia<\/a><\/p>\n<p><a href=\"https:\/\/cnap.pt\/project\/oliveira-tavares\/\">Clube Nacional Artes Plasticas<\/a><\/p>\n<p><a href=\"http:\/\/artodyssey1.blogspot.com\/2012\/05\/oliveira-tavares.html\">Artodyssey &#8211; Blog<\/a><\/p>\n<p><a href=\"http:\/\/bibliocolors.blogspot.com\/2014\/05\/versions-illustrades-doliveira-tavares.html\">S\u00e0lvia &#8211; Blog<\/a><\/p>\n<p><a href=\"http:\/\/poramoralarte-exposito.blogspot.com\/2016\/01\/antonio-oliveira-tavares.html\">Por Amor Al Art -Blog<\/a><\/p>\n<p><a href=\"http:\/\/zivabdavid.blogspot.com\/2012\/08\/a-arte-que-fala-oliveira-tavares_21.html\">Ziva David &#8211; Blog Ziva David<\/a><\/p>\n<p><a href=\"http:\/\/br.rfi.fr\/cultura\/20151201-pintor-oliveira-tavares-revela-imaginario-com-telas-super-coloridas\">RFI- R\u00e1dio<\/a><\/p>\n<p><a href=\"https:\/\/www.saatchiart.com\/account\/profile\/543662\">website galley Saatchi<\/a><\/p>\n<p><a href=\"https:\/\/www.ccdr-a.gov.pt\/index.php\/43-uncategorised\/414-a-euroace-na-exposicao-de-pintura-os-pequenos-principes-de-oliveira-tavares\">EUROACE &#8211; CCDR Alentejo <\/a><\/p>\n<p><a href=\"http:\/\/museodeolivenza.com\/el-pintor-portugues-antonio-oliveira-tavares-expone-los-pequenos-principes\/\">Museo de Olivenza<\/a><\/p>\n<p><a href=\"https:\/\/arquivos.rtp.pt\/conteudos\/exposicao-de-pintura-de-oliveira-tavares\/\">Coimbra, Galeria de Arte V\u00e1ria 1996<\/a><\/p>\n<p><a href=\"http:\/\/www.antoniooliveiratavares.com\/?page_id=507\"><\/a><\/p>\n<p><a href=\"http:\/\/www.antoniooliveiratavares.com\/?page_id=493\" rel=\"noopener\" target=\"_blank\"><\/a><br \/>\n<!--:--><\/p>\n","protected":false},"excerpt":{"rendered":"<p>Oliveira Tavares no facebook Museo Etnogr\u00e1fico Extreme\u00f1o Gonzalez Santana- Oliven\u00e7a Oliveira Tavares on Wikipedia Clube Nacional Artes Plasticas Artodyssey &#8211; Blog S\u00e0lvia &#8211; Blog Por Amor Al Art -Blog Ziva David &#8211; Blog Ziva David RFI- R\u00e1dio website galley Saatchi EUROACE &#8211; CCDR Alentejo Museo de Olivenza Coimbra, Galeria de Arte V\u00e1ria 1996 Oliveira Tavares [&hellip;]<\/p>\n","protected":false},"author":1,"featured_media":0,"parent":0,"menu_order":0,"comment_status":"closed","ping_status":"closed","template":"","meta":{"footnotes":""},"class_list":["post-72","page","type-page","status-publish","hentry"],"_links":{"self":[{"href":"https:\/\/www.antoniooliveiratavares.com\/index.php?rest_route=\/wp\/v2\/pages\/72","targetHints":{"allow":["GET"]}}],"collection":[{"href":"https:\/\/www.antoniooliveiratavares.com\/index.php?rest_route=\/wp\/v2\/pages"}],"about":[{"href":"https:\/\/www.antoniooliveiratavares.com\/index.php?rest_route=\/wp\/v2\/types\/page"}],"author":[{"embeddable":true,"href":"https:\/\/www.antoniooliveiratavares.com\/index.php?rest_route=\/wp\/v2\/users\/1"}],"replies":[{"embeddable":true,"href":"https:\/\/www.antoniooliveiratavares.com\/index.php?rest_route=%2Fwp%2Fv2%2Fcomments&post=72"}],"version-history":[{"count":10,"href":"https:\/\/www.antoniooliveiratavares.com\/index.php?rest_route=\/wp\/v2\/pages\/72\/revisions"}],"predecessor-version":[{"id":824,"href":"https:\/\/www.antoniooliveiratavares.com\/index.php?rest_route=\/wp\/v2\/pages\/72\/revisions\/824"}],"wp:attachment":[{"href":"https:\/\/www.antoniooliveiratavares.com\/index.php?rest_route=%2Fwp%2Fv2%2Fmedia&parent=72"}],"curies":[{"name":"wp","href":"https:\/\/api.w.org\/{rel}","templated":true}]}}